{"id":5,"date":"2022-06-27T14:09:54","date_gmt":"2022-06-27T19:09:54","guid":{"rendered":"http:\/\/localhost\/zywave-websites\/spanish-content\/?page_id=5"},"modified":"2025-03-06T15:09:49","modified_gmt":"2025-03-06T21:09:49","slug":"gracias-por-su-solicitud-de-cotizacion","status":"publish","type":"page","link":"https:\/\/www.1stamericaninsurance.com\/es\/gracias-por-su-solicitud-de-cotizacion\/","title":{"rendered":"Gracias por su solicitud de cotizaci\u00f3n"},"content":{"rendered":"<p>Gracias por solicitar una cotizaci\u00f3n. Nuestra agencia espera poder brindarle una cotizaci\u00f3n competitiva para una p\u00f3liza integral. Uno de nuestros agentes se pondr\u00e1 en contacto con usted con respecto a su solicitud lo antes posible.<\/p>\n<p>Si tiene preguntas o necesita actualizar su solicitud de cotizaci\u00f3n, no dude en comunicarse con nuestra agencia al <strong>773-467-2200<\/strong>.    \t    \t    \t    \t<\/p>\n","protected":false},"excerpt":{"rendered":"<p>Gracias por solicitar una cotizaci\u00f3n. Nuestra agencia espera poder brindarle una cotizaci\u00f3n competitiva para una p\u00f3liza integral. Uno de nuestros [&hellip;]<\/p>\n","protected":false},"author":69,"featured_media":0,"parent":0,"menu_order":0,"comment_status":"closed","ping_status":"closed","template":"","meta":{"_acf_changed":false,"_seopress_robots_primary_cat":"","_seopress_titles_title":"","_seopress_titles_desc":"","_seopress_robots_index":"","_analytify_skip_tracking":false,"footnotes":""},"class_list":["post-5","page","type-page","status-publish","hentry"],"acf":[],"_links":{"self":[{"href":"https:\/\/www.1stamericaninsurance.com\/es\/wp-json\/wp\/v2\/pages\/5","targetHints":{"allow":["GET"]}}],"collection":[{"href":"https:\/\/www.1stamericaninsurance.com\/es\/wp-json\/wp\/v2\/pages"}],"about":[{"href":"https:\/\/www.1stamericaninsurance.com\/es\/wp-json\/wp\/v2\/types\/page"}],"author":[{"embeddable":true,"href":"https:\/\/www.1stamericaninsurance.com\/es\/wp-json\/wp\/v2\/users\/69"}],"replies":[{"embeddable":true,"href":"https:\/\/www.1stamericaninsurance.com\/es\/wp-json\/wp\/v2\/comments?post=5"}],"version-history":[{"count":0,"href":"https:\/\/www.1stamericaninsurance.com\/es\/wp-json\/wp\/v2\/pages\/5\/revisions"}],"wp:attachment":[{"href":"https:\/\/www.1stamericaninsurance.com\/es\/wp-json\/wp\/v2\/media?parent=5"}],"curies":[{"name":"wp","href":"https:\/\/api.w.org\/{rel}","templated":true}]}}